{"id":763,"date":"2023-07-04T14:20:04","date_gmt":"2023-07-04T18:20:04","guid":{"rendered":"https:\/\/www.hotelpuclaro.cl\/?page_id=763"},"modified":"2023-09-08T18:41:08","modified_gmt":"2023-09-08T22:41:08","slug":"wellness","status":"publish","type":"page","link":"https:\/\/www.hotelpuclaro.cl\/en\/wellness\/","title":{"rendered":"Wellness"},"content":{"rendered":"<div data-elementor-type=\"wp-page\" data-elementor-id=\"763\" class=\"elementor elementor-763\" data-elementor-post-type=\"page\">\n\t\t\t\t\t\t\t<div class=\"elementor-element elementor-element-1488dac e-con-full e-flex e-con\" data-id=\"1488dac\" data-element_type=\"container\" data-settings=\"{&quot;content_width&quot;:&quot;full&quot;,&quot;background_background&quot;:&quot;classic&quot;}\">\n\t\t<div class=\"elementor-element elementor-element-9b61777 e-con-full e-flex e-con\" data-id=\"9b61777\" data-element_type=\"container\" data-settings=\"{&quot;content_width&quot;:&quot;full&quot;}\">\n\t\t\t\t<div class=\"elementor-element elementor-element-2df3d6d elementor-icon-list--layout-inline elementor-align-right elementor-mobile-align-center elementor-list-item-link-full_width elementor-widget elementor-widget-icon-list\" data-id=\"2df3d6d\" data-element_type=\"widget\" data-widget_type=\"icon-list.default\">\n\t\t\t\t<div class=\"elementor-widget-container\">\n\t\t\t<link rel=\"stylesheet\" href=\"https:\/\/www.hotelpuclaro.cl\/wp-content\/plugins\/elementor\/assets\/css\/widget-icon-list.min.css\">\t\t<ul class=\"elementor-icon-list-items elementor-inline-items\">\n\t\t\t\t\t\t\t<li class=\"elementor-icon-list-item elementor-inline-item\">\n\t\t\t\t\t\t\t\t\t\t\t<a href=\"https:\/\/www.hotelpuclaro.cl\/en\">\n\n\t\t\t\t\t\t\t\t\t\t\t<span class=\"elementor-icon-list-text\">Home<\/span>\n\t\t\t\t\t\t\t\t\t\t\t<\/a>\n\t\t\t\t\t\t\t\t\t<\/li>\n\t\t\t\t\t\t\t\t<li class=\"elementor-icon-list-item elementor-inline-item\">\n\t\t\t\t\t\t\t\t\t\t\t<span class=\"elementor-icon-list-icon\">\n\t\t\t\t\t\t\t<i aria-hidden=\"true\" class=\"fas fa-chevron-right\"><\/i>\t\t\t\t\t\t<\/span>\n\t\t\t\t\t\t\t\t\t\t<span class=\"elementor-icon-list-text\">Wellness<\/span>\n\t\t\t\t\t\t\t\t\t<\/li>\n\t\t\t\t\t\t<\/ul>\n\t\t\t\t<\/div>\n\t\t\t\t<\/div>\n\t\t\t\t<\/div>\n\t\t<div class=\"elementor-element elementor-element-d2125e4 e-con-full e-flex e-con\" data-id=\"d2125e4\" data-element_type=\"container\" data-settings=\"{&quot;background_background&quot;:&quot;classic&quot;,&quot;content_width&quot;:&quot;full&quot;}\">\n\t\t\t\t<div class=\"elementor-element elementor-element-1d8c3f9 elementor-widget elementor-widget-heading\" data-id=\"1d8c3f9\" data-element_type=\"widget\" data-widget_type=\"heading.default\">\n\t\t\t\t<div class=\"elementor-widget-container\">\n\t\t\t<style>\/*! elementor - v3.14.0 - 26-06-2023 *\/\n.elementor-heading-title{padding:0;margin:0;line-height:1}.elementor-widget-heading .elementor-heading-title[class*=elementor-size-]>a{color:inherit;font-size:inherit;line-height:inherit}.elementor-widget-heading .elementor-heading-title.elementor-size-small{font-size:15px}.elementor-widget-heading .elementor-heading-title.elementor-size-medium{font-size:19px}.elementor-widget-heading .elementor-heading-title.elementor-size-large{font-size:29px}.elementor-widget-heading .elementor-heading-title.elementor-size-xl{font-size:39px}.elementor-widget-heading .elementor-heading-title.elementor-size-xxl{font-size:59px}<\/style><h2 class=\"elementor-heading-title elementor-size-default\">Wellness<\/h2>\t\t<\/div>\n\t\t\t\t<\/div>\n\t\t\t\t<\/div>\n\t\t\t\t<\/div>\n\t\t<div class=\"elementor-element elementor-element-2fdb4dc e-flex e-con-boxed e-con\" data-id=\"2fdb4dc\" data-element_type=\"container\" data-settings=\"{&quot;content_width&quot;:&quot;boxed&quot;}\">\n\t\t\t\t\t<div class=\"e-con-inner\">\n\t\t<div class=\"elementor-element elementor-element-246c4e2 e-con-full e-flex e-con\" data-id=\"246c4e2\" data-element_type=\"container\" data-settings=\"{&quot;content_width&quot;:&quot;full&quot;}\">\n\t\t<div class=\"elementor-element elementor-element-c523860 e-flex e-con-boxed e-con\" data-id=\"c523860\" data-element_type=\"container\" data-settings=\"{&quot;content_width&quot;:&quot;boxed&quot;}\">\n\t\t\t\t\t<div class=\"e-con-inner\">\n\t\t\t\t<div class=\"elementor-element elementor-element-1f25a35 elementor-widget elementor-widget-image\" data-id=\"1f25a35\" data-element_type=\"widget\" data-widget_type=\"image.default\">\n\t\t\t\t<div class=\"elementor-widget-container\">\n\t\t\t<style>\/*! elementor - v3.14.0 - 26-06-2023 *\/\n.elementor-widget-image{text-align:center}.elementor-widget-image a{display:inline-block}.elementor-widget-image a img[src$=\".svg\"]{width:48px}.elementor-widget-image img{vertical-align:middle;display:inline-block}<\/style>\t\t\t\t\t\t\t\t\t\t\t\t<img decoding=\"async\" src=\"https:\/\/www.hotelpuclaro.cl\/wp-content\/uploads\/elementor\/thumbs\/WhatsApp-Image-2023-09-07-at-20.55.14-qc4112aqdjpf7wsaz7cm4tyk05ywd6vv7j1uvykbx8.jpeg\" title=\"WhatsApp Image 2023-09-07 at 20.55.14\" alt=\"WhatsApp Image 2023-09-07 at 20.55.14\" loading=\"lazy\" \/>\t\t\t\t\t\t\t\t\t\t\t\t\t\t\t<\/div>\n\t\t\t\t<\/div>\n\t\t\t\t<div class=\"elementor-element elementor-element-d3cc2b5 elementor-widget elementor-widget-text-editor\" data-id=\"d3cc2b5\" data-element_type=\"widget\" data-widget_type=\"text-editor.default\">\n\t\t\t\t<div class=\"elementor-widget-container\">\n\t\t\t<style>\/*! elementor - v3.14.0 - 26-06-2023 *\/\n.elementor-widget-text-editor.elementor-drop-cap-view-stacked .elementor-drop-cap{background-color:#69727d;color:#fff}.elementor-widget-text-editor.elementor-drop-cap-view-framed .elementor-drop-cap{color:#69727d;border:3px solid;background-color:transparent}.elementor-widget-text-editor:not(.elementor-drop-cap-view-default) .elementor-drop-cap{margin-top:8px}.elementor-widget-text-editor:not(.elementor-drop-cap-view-default) .elementor-drop-cap-letter{width:1em;height:1em}.elementor-widget-text-editor .elementor-drop-cap{float:left;text-align:center;line-height:1;font-size:50px}.elementor-widget-text-editor .elementor-drop-cap-letter{display:inline-block}<\/style>\t\t\t\t<p><strong>En Hotel Puclaro queremos que su estad\u00eda sea m\u00e1s que placentera. Es por ello que hemos incorporado servicios para poder conectar con la energ\u00eda del Valle.<\/strong><\/p><p>\u00a0<\/p>\t\t\t\t\t\t<\/div>\n\t\t\t\t<\/div>\n\t\t<div class=\"elementor-element elementor-element-f95a74b e-flex e-con-boxed e-con\" data-id=\"f95a74b\" data-element_type=\"container\" data-settings=\"{&quot;content_width&quot;:&quot;boxed&quot;}\">\n\t\t\t\t\t<div class=\"e-con-inner\">\n\t\t\t\t<div class=\"elementor-element elementor-element-970f643 elementor-widget-divider--view-line elementor-widget elementor-widget-divider\" data-id=\"970f643\" data-element_type=\"widget\" data-widget_type=\"divider.default\">\n\t\t\t\t<div class=\"elementor-widget-container\">\n\t\t\t<style>\/*! elementor - v3.14.0 - 26-06-2023 *\/\n.elementor-widget-divider{--divider-border-style:none;--divider-border-width:1px;--divider-color:#0c0d0e;--divider-icon-size:20px;--divider-element-spacing:10px;--divider-pattern-height:24px;--divider-pattern-size:20px;--divider-pattern-url:none;--divider-pattern-repeat:repeat-x}.elementor-widget-divider .elementor-divider{display:flex}.elementor-widget-divider .elementor-divider__text{font-size:15px;line-height:1;max-width:95%}.elementor-widget-divider .elementor-divider__element{margin:0 var(--divider-element-spacing);flex-shrink:0}.elementor-widget-divider .elementor-icon{font-size:var(--divider-icon-size)}.elementor-widget-divider .elementor-divider-separator{display:flex;margin:0;direction:ltr}.elementor-widget-divider--view-line_icon .elementor-divider-separator,.elementor-widget-divider--view-line_text .elementor-divider-separator{align-items:center}.elementor-widget-divider--view-line_icon .elementor-divider-separator:after,.elementor-widget-divider--view-line_icon .elementor-divider-separator:before,.elementor-widget-divider--view-line_text .elementor-divider-separator:after,.elementor-widget-divider--view-line_text .elementor-divider-separator:before{display:block;content:\"\";border-bottom:0;flex-grow:1;border-top:var(--divider-border-width) var(--divider-border-style) var(--divider-color)}.elementor-widget-divider--element-align-left .elementor-divider .elementor-divider-separator>.elementor-divider__svg:first-of-type{flex-grow:0;flex-shrink:100}.elementor-widget-divider--element-align-left .elementor-divider-separator:before{content:none}.elementor-widget-divider--element-align-left .elementor-divider__element{margin-left:0}.elementor-widget-divider--element-align-right .elementor-divider .elementor-divider-separator>.elementor-divider__svg:last-of-type{flex-grow:0;flex-shrink:100}.elementor-widget-divider--element-align-right .elementor-divider-separator:after{content:none}.elementor-widget-divider--element-align-right .elementor-divider__element{margin-right:0}.elementor-widget-divider:not(.elementor-widget-divider--view-line_text):not(.elementor-widget-divider--view-line_icon) .elementor-divider-separator{border-top:var(--divider-border-width) var(--divider-border-style) var(--divider-color)}.elementor-widget-divider--separator-type-pattern{--divider-border-style:none}.elementor-widget-divider--separator-type-pattern.elementor-widget-divider--view-line .elementor-divider-separator,.elementor-widget-divider--separator-type-pattern:not(.elementor-widget-divider--view-line) .elementor-divider-separator:after,.elementor-widget-divider--separator-type-pattern:not(.elementor-widget-divider--view-line) .elementor-divider-separator:before,.elementor-widget-divider--separator-type-pattern:not([class*=elementor-widget-divider--view]) .elementor-divider-separator{width:100%;min-height:var(--divider-pattern-height);-webkit-mask-size:var(--divider-pattern-size) 100%;mask-size:var(--divider-pattern-size) 100%;-webkit-mask-repeat:var(--divider-pattern-repeat);mask-repeat:var(--divider-pattern-repeat);background-color:var(--divider-color);-webkit-mask-image:var(--divider-pattern-url);mask-image:var(--divider-pattern-url)}.elementor-widget-divider--no-spacing{--divider-pattern-size:auto}.elementor-widget-divider--bg-round{--divider-pattern-repeat:round}.rtl .elementor-widget-divider .elementor-divider__text{direction:rtl}.e-con-inner>.elementor-widget-divider,.e-con>.elementor-widget-divider{width:var(--container-widget-width,100%);--flex-grow:var(--container-widget-flex-grow)}<\/style>\t\t<div class=\"elementor-divider\">\n\t\t\t<span class=\"elementor-divider-separator\">\n\t\t\t\t\t\t<\/span>\n\t\t<\/div>\n\t\t\t\t<\/div>\n\t\t\t\t<\/div>\n\t\t\t\t\t<\/div>\n\t\t\t\t<\/div>\n\t\t\t\t<div class=\"elementor-element elementor-element-4907d21 elementor-align-center elementor-widget elementor-widget-button\" data-id=\"4907d21\" data-element_type=\"widget\" data-widget_type=\"button.default\">\n\t\t\t\t<div class=\"elementor-widget-container\">\n\t\t\t\t\t<div class=\"elementor-button-wrapper\">\n\t\t\t<a class=\"elementor-button elementor-button-link elementor-size-sm\" href=\"https:\/\/wa.me\/56950521907\">\n\t\t\t\t\t\t<span class=\"elementor-button-content-wrapper\">\n\t\t\t\t\t\t<span class=\"elementor-button-text\">RESERVA TU HORA<\/span>\n\t\t<\/span>\n\t\t\t\t\t<\/a>\n\t\t<\/div>\n\t\t\t\t<\/div>\n\t\t\t\t<\/div>\n\t\t\t\t\t<\/div>\n\t\t\t\t<\/div>\n\t\t\t\t<\/div>\n\t\t\t\t\t<\/div>\n\t\t\t\t<\/div>\n\t\t<div class=\"elementor-element elementor-element-6786e15 e-flex e-con-boxed e-con\" data-id=\"6786e15\" data-element_type=\"container\" data-settings=\"{&quot;content_width&quot;:&quot;boxed&quot;}\">\n\t\t\t\t\t<div class=\"e-con-inner\">\n\t\t<div class=\"elementor-element elementor-element-7764a06 e-con-full e-flex e-con\" data-id=\"7764a06\" data-element_type=\"container\" data-settings=\"{&quot;content_width&quot;:&quot;full&quot;}\">\n\t\t\t\t<div class=\"elementor-element elementor-element-9aed7f1 elementor-widget elementor-widget-image\" data-id=\"9aed7f1\" data-element_type=\"widget\" data-widget_type=\"image.default\">\n\t\t\t\t<div class=\"elementor-widget-container\">\n\t\t\t\t\t\t\t\t\t\t\t\t<figure class=\"wp-caption\">\n\t\t\t\t\t\t\t\t\t\t<img loading=\"lazy\" decoding=\"async\" width=\"1142\" height=\"1599\" src=\"https:\/\/www.hotelpuclaro.cl\/wp-content\/uploads\/2023\/09\/WhatsApp-Image-2023-09-07-at-20.53.13-2.jpeg\" class=\"attachment-full size-full wp-image-807\" alt=\"\" srcset=\"https:\/\/www.hotelpuclaro.cl\/wp-content\/uploads\/2023\/09\/WhatsApp-Image-2023-09-07-at-20.53.13-2.jpeg 1142w, https:\/\/www.hotelpuclaro.cl\/wp-content\/uploads\/2023\/09\/WhatsApp-Image-2023-09-07-at-20.53.13-2-214x300.jpeg 214w, https:\/\/www.hotelpuclaro.cl\/wp-content\/uploads\/2023\/09\/WhatsApp-Image-2023-09-07-at-20.53.13-2-731x1024.jpeg 731w, https:\/\/www.hotelpuclaro.cl\/wp-content\/uploads\/2023\/09\/WhatsApp-Image-2023-09-07-at-20.53.13-2-768x1075.jpeg 768w, https:\/\/www.hotelpuclaro.cl\/wp-content\/uploads\/2023\/09\/WhatsApp-Image-2023-09-07-at-20.53.13-2-1097x1536.jpeg 1097w, https:\/\/www.hotelpuclaro.cl\/wp-content\/uploads\/2023\/09\/WhatsApp-Image-2023-09-07-at-20.53.13-2-9x12.jpeg 9w\" sizes=\"auto, (max-width: 1142px) 100vw, 1142px\" \/>\t\t\t\t\t\t\t\t\t\t\t<figcaption class=\"widget-image-caption wp-caption-text\">ACUPUNTURA<\/figcaption>\n\t\t\t\t\t\t\t\t\t\t<\/figure>\n\t\t\t\t\t\t\t\t\t<\/div>\n\t\t\t\t<\/div>\n\t\t\t\t<\/div>\n\t\t<div class=\"elementor-element elementor-element-8252132 e-con-full e-flex e-con\" data-id=\"8252132\" data-element_type=\"container\" data-settings=\"{&quot;content_width&quot;:&quot;full&quot;}\">\n\t\t\t\t<div class=\"elementor-element elementor-element-ea73f7b elementor-widget elementor-widget-image\" data-id=\"ea73f7b\" data-element_type=\"widget\" data-widget_type=\"image.default\">\n\t\t\t\t<div class=\"elementor-widget-container\">\n\t\t\t\t\t\t\t\t\t\t\t\t<figure class=\"wp-caption\">\n\t\t\t\t\t\t\t\t\t\t<img loading=\"lazy\" decoding=\"async\" width=\"1142\" height=\"1599\" src=\"https:\/\/www.hotelpuclaro.cl\/wp-content\/uploads\/2023\/09\/WhatsApp-Image-2023-09-07-at-20.53.13.jpeg\" class=\"attachment-full size-full wp-image-809\" alt=\"\" srcset=\"https:\/\/www.hotelpuclaro.cl\/wp-content\/uploads\/2023\/09\/WhatsApp-Image-2023-09-07-at-20.53.13.jpeg 1142w, https:\/\/www.hotelpuclaro.cl\/wp-content\/uploads\/2023\/09\/WhatsApp-Image-2023-09-07-at-20.53.13-214x300.jpeg 214w, https:\/\/www.hotelpuclaro.cl\/wp-content\/uploads\/2023\/09\/WhatsApp-Image-2023-09-07-at-20.53.13-731x1024.jpeg 731w, https:\/\/www.hotelpuclaro.cl\/wp-content\/uploads\/2023\/09\/WhatsApp-Image-2023-09-07-at-20.53.13-768x1075.jpeg 768w, https:\/\/www.hotelpuclaro.cl\/wp-content\/uploads\/2023\/09\/WhatsApp-Image-2023-09-07-at-20.53.13-1097x1536.jpeg 1097w, https:\/\/www.hotelpuclaro.cl\/wp-content\/uploads\/2023\/09\/WhatsApp-Image-2023-09-07-at-20.53.13-9x12.jpeg 9w\" sizes=\"auto, (max-width: 1142px) 100vw, 1142px\" \/>\t\t\t\t\t\t\t\t\t\t\t<figcaption class=\"widget-image-caption wp-caption-text\">Qi Gong<\/figcaption>\n\t\t\t\t\t\t\t\t\t\t<\/figure>\n\t\t\t\t\t\t\t\t\t<\/div>\n\t\t\t\t<\/div>\n\t\t\t\t<\/div>\n\t\t<div class=\"elementor-element elementor-element-95e6c84 e-con-full e-flex e-con\" data-id=\"95e6c84\" data-element_type=\"container\" data-settings=\"{&quot;content_width&quot;:&quot;full&quot;}\">\n\t\t\t\t<div class=\"elementor-element elementor-element-65f023f elementor-widget elementor-widget-image\" data-id=\"65f023f\" data-element_type=\"widget\" data-widget_type=\"image.default\">\n\t\t\t\t<div class=\"elementor-widget-container\">\n\t\t\t\t\t\t\t\t\t\t\t\t<figure class=\"wp-caption\">\n\t\t\t\t\t\t\t\t\t\t<img loading=\"lazy\" decoding=\"async\" width=\"1143\" height=\"1600\" src=\"https:\/\/www.hotelpuclaro.cl\/wp-content\/uploads\/2023\/09\/WhatsApp-Image-2023-09-07-at-20.53.13-1.jpeg\" class=\"attachment-full size-full wp-image-808\" alt=\"\" srcset=\"https:\/\/www.hotelpuclaro.cl\/wp-content\/uploads\/2023\/09\/WhatsApp-Image-2023-09-07-at-20.53.13-1.jpeg 1143w, https:\/\/www.hotelpuclaro.cl\/wp-content\/uploads\/2023\/09\/WhatsApp-Image-2023-09-07-at-20.53.13-1-214x300.jpeg 214w, https:\/\/www.hotelpuclaro.cl\/wp-content\/uploads\/2023\/09\/WhatsApp-Image-2023-09-07-at-20.53.13-1-732x1024.jpeg 732w, https:\/\/www.hotelpuclaro.cl\/wp-content\/uploads\/2023\/09\/WhatsApp-Image-2023-09-07-at-20.53.13-1-768x1075.jpeg 768w, https:\/\/www.hotelpuclaro.cl\/wp-content\/uploads\/2023\/09\/WhatsApp-Image-2023-09-07-at-20.53.13-1-1097x1536.jpeg 1097w, https:\/\/www.hotelpuclaro.cl\/wp-content\/uploads\/2023\/09\/WhatsApp-Image-2023-09-07-at-20.53.13-1-9x12.jpeg 9w\" sizes=\"auto, (max-width: 1143px) 100vw, 1143px\" \/>\t\t\t\t\t\t\t\t\t\t\t<figcaption class=\"widget-image-caption wp-caption-text\">VENTOSAS<\/figcaption>\n\t\t\t\t\t\t\t\t\t\t<\/figure>\n\t\t\t\t\t\t\t\t\t<\/div>\n\t\t\t\t<\/div>\n\t\t\t\t<\/div>\n\t\t\t\t\t<\/div>\n\t\t\t\t<\/div>\n\t\t<div class=\"elementor-element elementor-element-f033960 e-flex e-con-boxed e-con\" data-id=\"f033960\" data-element_type=\"container\" data-settings=\"{&quot;content_width&quot;:&quot;boxed&quot;}\">\n\t\t\t\t\t<div class=\"e-con-inner\">\n\t\t\t\t<div class=\"elementor-element elementor-element-39b5ae0 elementor-align-center elementor-widget elementor-widget-button\" data-id=\"39b5ae0\" data-element_type=\"widget\" data-widget_type=\"button.default\">\n\t\t\t\t<div class=\"elementor-widget-container\">\n\t\t\t\t\t<div class=\"elementor-button-wrapper\">\n\t\t\t<a class=\"elementor-button elementor-button-link elementor-size-sm\" href=\"https:\/\/wa.me\/56950521907\">\n\t\t\t\t\t\t<span class=\"elementor-button-content-wrapper\">\n\t\t\t\t\t\t<span class=\"elementor-button-text\">RESERVA TU HORA<\/span>\n\t\t<\/span>\n\t\t\t\t\t<\/a>\n\t\t<\/div>\n\t\t\t\t<\/div>\n\t\t\t\t<\/div>\n\t\t\t\t\t<\/div>\n\t\t\t\t<\/div>\n\t\t<div class=\"elementor-element elementor-element-a8edd51 e-flex e-con-boxed e-con\" data-id=\"a8edd51\" data-element_type=\"container\" data-settings=\"{&quot;content_width&quot;:&quot;boxed&quot;}\">\n\t\t\t\t\t<div class=\"e-con-inner\">\n\t\t\t\t\t<\/div>\n\t\t\t\t<\/div>\n\t\t\t\t\t\t\t<\/div>","protected":false},"excerpt":{"rendered":"<p>Inicio En Hotel Puclaro queremos que su estad\u00eda sea m\u00e1s que placentera. Es por ello que hemos incorporado servicios para poder conectar con la energ\u00eda del Valle. \u00a0 RESERVA TU HORA ACUPUNTURA Qi Gong VENTOSAS RESERVA TU HORA<\/p>","protected":false},"author":2,"featured_media":0,"parent":0,"menu_order":0,"comment_status":"closed","ping_status":"closed","template":"elementor_header_footer","meta":{"footnotes":""},"class_list":["post-763","page","type-page","status-publish","hentry"],"_links":{"self":[{"href":"https:\/\/www.hotelpuclaro.cl\/en\/wp-json\/wp\/v2\/pages\/763","targetHints":{"allow":["GET"]}}],"collection":[{"href":"https:\/\/www.hotelpuclaro.cl\/en\/wp-json\/wp\/v2\/pages"}],"about":[{"href":"https:\/\/www.hotelpuclaro.cl\/en\/wp-json\/wp\/v2\/types\/page"}],"author":[{"embeddable":true,"href":"https:\/\/www.hotelpuclaro.cl\/en\/wp-json\/wp\/v2\/users\/2"}],"replies":[{"embeddable":true,"href":"https:\/\/www.hotelpuclaro.cl\/en\/wp-json\/wp\/v2\/comments?post=763"}],"version-history":[{"count":20,"href":"https:\/\/www.hotelpuclaro.cl\/en\/wp-json\/wp\/v2\/pages\/763\/revisions"}],"predecessor-version":[{"id":820,"href":"https:\/\/www.hotelpuclaro.cl\/en\/wp-json\/wp\/v2\/pages\/763\/revisions\/820"}],"wp:attachment":[{"href":"https:\/\/www.hotelpuclaro.cl\/en\/wp-json\/wp\/v2\/media?parent=763"}],"curies":[{"name":"wp","href":"https:\/\/api.w.org\/{rel}","templated":true}]}}