{"id":23,"date":"2023-06-20T17:06:30","date_gmt":"2023-06-20T17:06:30","guid":{"rendered":"http:\/\/nuevo.hotelpuclaro.cl\/?page_id=23"},"modified":"2023-06-30T00:39:16","modified_gmt":"2023-06-30T00:39:16","slug":"informacion-general","status":"publish","type":"page","link":"https:\/\/www.hotelpuclaro.cl\/en\/informacion-general\/","title":{"rendered":"General Information"},"content":{"rendered":"<div data-elementor-type=\"wp-page\" data-elementor-id=\"23\" class=\"elementor elementor-23\" data-elementor-post-type=\"page\">\n\t\t\t\t\t\t\t<div class=\"elementor-element elementor-element-1488dac e-con-full e-flex e-con\" data-id=\"1488dac\" data-element_type=\"container\" data-settings=\"{&quot;content_width&quot;:&quot;full&quot;,&quot;background_background&quot;:&quot;classic&quot;}\">\n\t\t<div class=\"elementor-element elementor-element-9b61777 e-con-full e-flex e-con\" data-id=\"9b61777\" data-element_type=\"container\" data-settings=\"{&quot;content_width&quot;:&quot;full&quot;}\">\n\t\t\t\t<div class=\"elementor-element elementor-element-2df3d6d elementor-icon-list--layout-inline elementor-align-right elementor-mobile-align-center elementor-list-item-link-full_width elementor-widget elementor-widget-icon-list\" data-id=\"2df3d6d\" data-element_type=\"widget\" data-widget_type=\"icon-list.default\">\n\t\t\t\t<div class=\"elementor-widget-container\">\n\t\t\t<link rel=\"stylesheet\" href=\"https:\/\/www.hotelpuclaro.cl\/wp-content\/plugins\/elementor\/assets\/css\/widget-icon-list.min.css\">\t\t<ul class=\"elementor-icon-list-items elementor-inline-items\">\n\t\t\t\t\t\t\t<li class=\"elementor-icon-list-item elementor-inline-item\">\n\t\t\t\t\t\t\t\t\t\t\t<a href=\"https:\/\/www.hotelpuclaro.cl\/en\">\n\n\t\t\t\t\t\t\t\t\t\t\t<span class=\"elementor-icon-list-text\">Home<\/span>\n\t\t\t\t\t\t\t\t\t\t\t<\/a>\n\t\t\t\t\t\t\t\t\t<\/li>\n\t\t\t\t\t\t\t\t<li class=\"elementor-icon-list-item elementor-inline-item\">\n\t\t\t\t\t\t\t\t\t\t\t<span class=\"elementor-icon-list-icon\">\n\t\t\t\t\t\t\t<i aria-hidden=\"true\" class=\"fas fa-chevron-right\"><\/i>\t\t\t\t\t\t<\/span>\n\t\t\t\t\t\t\t\t\t\t<span class=\"elementor-icon-list-text\">General Information<\/span>\n\t\t\t\t\t\t\t\t\t<\/li>\n\t\t\t\t\t\t<\/ul>\n\t\t\t\t<\/div>\n\t\t\t\t<\/div>\n\t\t\t\t<\/div>\n\t\t<div class=\"elementor-element elementor-element-d2125e4 e-con-full e-flex e-con\" data-id=\"d2125e4\" data-element_type=\"container\" data-settings=\"{&quot;background_background&quot;:&quot;classic&quot;,&quot;content_width&quot;:&quot;full&quot;}\">\n\t\t\t\t<div class=\"elementor-element elementor-element-1d8c3f9 elementor-widget elementor-widget-heading\" data-id=\"1d8c3f9\" data-element_type=\"widget\" data-widget_type=\"heading.default\">\n\t\t\t\t<div class=\"elementor-widget-container\">\n\t\t\t<style>\/*! elementor - v3.14.0 - 26-06-2023 *\/\n.elementor-heading-title{padding:0;margin:0;line-height:1}.elementor-widget-heading .elementor-heading-title[class*=elementor-size-]>a{color:inherit;font-size:inherit;line-height:inherit}.elementor-widget-heading .elementor-heading-title.elementor-size-small{font-size:15px}.elementor-widget-heading .elementor-heading-title.elementor-size-medium{font-size:19px}.elementor-widget-heading .elementor-heading-title.elementor-size-large{font-size:29px}.elementor-widget-heading .elementor-heading-title.elementor-size-xl{font-size:39px}.elementor-widget-heading .elementor-heading-title.elementor-size-xxl{font-size:59px}<\/style><h2 class=\"elementor-heading-title elementor-size-default\">General Information<\/h2>\t\t<\/div>\n\t\t\t\t<\/div>\n\t\t\t\t<\/div>\n\t\t\t\t<\/div>\n\t\t<div class=\"elementor-element elementor-element-2fdb4dc e-flex e-con-boxed e-con\" data-id=\"2fdb4dc\" data-element_type=\"container\" data-settings=\"{&quot;content_width&quot;:&quot;boxed&quot;}\">\n\t\t\t\t\t<div class=\"e-con-inner\">\n\t\t<div class=\"elementor-element elementor-element-246c4e2 e-con-full e-flex e-con\" data-id=\"246c4e2\" data-element_type=\"container\" data-settings=\"{&quot;content_width&quot;:&quot;full&quot;}\">\n\t\t<div class=\"elementor-element elementor-element-54be926 e-con-full e-flex e-con\" data-id=\"54be926\" data-element_type=\"container\" data-settings=\"{&quot;content_width&quot;:&quot;full&quot;}\">\n\t\t<div class=\"elementor-element elementor-element-3a21e5f e-con-full e-flex e-con\" data-id=\"3a21e5f\" data-element_type=\"container\" data-settings=\"{&quot;content_width&quot;:&quot;full&quot;}\">\n\t\t\t\t<div class=\"elementor-element elementor-element-b3728ba elementor-widget__width-auto elementor-widget elementor-widget-heading\" data-id=\"b3728ba\" data-element_type=\"widget\" data-widget_type=\"heading.default\">\n\t\t\t\t<div class=\"elementor-widget-container\">\n\t\t\t<h2 class=\"elementor-heading-title elementor-size-default\">Read and review before to your reservation<\/h2>\t\t<\/div>\n\t\t\t\t<\/div>\n\t\t\t\t<\/div>\n\t\t<div class=\"elementor-element elementor-element-249566b e-con-full e-flex e-con\" data-id=\"249566b\" data-element_type=\"container\" data-settings=\"{&quot;content_width&quot;:&quot;full&quot;}\">\n\t\t\t\t<div class=\"elementor-element elementor-element-18077e9 elementor-widget elementor-widget-heading\" data-id=\"18077e9\" data-element_type=\"widget\" data-widget_type=\"heading.default\">\n\t\t\t\t<div class=\"elementor-widget-container\">\n\t\t\t<h3 class=\"elementor-heading-title elementor-size-default\">Information for Lodging at Hotel Puclaro<\/h3>\t\t<\/div>\n\t\t\t\t<\/div>\n\t\t\t\t<\/div>\n\t\t\t\t<\/div>\n\t\t<div class=\"elementor-element elementor-element-c523860 e-flex e-con-boxed e-con\" data-id=\"c523860\" data-element_type=\"container\" data-settings=\"{&quot;content_width&quot;:&quot;boxed&quot;}\">\n\t\t\t\t\t<div class=\"e-con-inner\">\n\t\t\t\t<div class=\"elementor-element elementor-element-53175d5 elementor-widget elementor-widget-heading\" data-id=\"53175d5\" data-element_type=\"widget\" data-widget_type=\"heading.default\">\n\t\t\t\t<div class=\"elementor-widget-container\">\n\t\t\t<h2 class=\"elementor-heading-title elementor-size-default\"> I. ENTRY PROTOCOL TO THE HOTEL AND FACILITIES<\/h2>\t\t<\/div>\n\t\t\t\t<\/div>\n\t\t\t\t<div class=\"elementor-element elementor-element-d3cc2b5 elementor-widget elementor-widget-text-editor\" data-id=\"d3cc2b5\" data-element_type=\"widget\" data-widget_type=\"text-editor.default\">\n\t\t\t\t<div class=\"elementor-widget-container\">\n\t\t\t<style>\/*! elementor - v3.14.0 - 26-06-2023 *\/\n.elementor-widget-text-editor.elementor-drop-cap-view-stacked .elementor-drop-cap{background-color:#69727d;color:#fff}.elementor-widget-text-editor.elementor-drop-cap-view-framed .elementor-drop-cap{color:#69727d;border:3px solid;background-color:transparent}.elementor-widget-text-editor:not(.elementor-drop-cap-view-default) .elementor-drop-cap{margin-top:8px}.elementor-widget-text-editor:not(.elementor-drop-cap-view-default) .elementor-drop-cap-letter{width:1em;height:1em}.elementor-widget-text-editor .elementor-drop-cap{float:left;text-align:center;line-height:1;font-size:50px}.elementor-widget-text-editor .elementor-drop-cap-letter{display:inline-block}<\/style>\t\t\t\t<p><strong>1) COORDINATION OF CHECK IN WITH HOTEL STAFF: <\/strong>Each guest must necessarily coordinate their arrival by phone at the hotel, +56947714970. Check In starts at 3:00 p.m. Check Out is until 12:00 pm. <strong>PETS NO ALLOWED!<\/strong><\/p>\t\t\t\t\t\t<\/div>\n\t\t\t\t<\/div>\n\t\t\t\t<div class=\"elementor-element elementor-element-884437e elementor-widget elementor-widget-text-editor\" data-id=\"884437e\" data-element_type=\"widget\" data-widget_type=\"text-editor.default\">\n\t\t\t\t<div class=\"elementor-widget-container\">\n\t\t\t\t\t\t\t<p><strong>2)<\/strong> <strong>PARKING LOT:\u00a0<\/strong>The hotel does not have indoor parking; Vehicles can be safely parked in the sector in front of the Hotel on the main street.<\/p>\t\t\t\t\t\t<\/div>\n\t\t\t\t<\/div>\n\t\t\t\t<div class=\"elementor-element elementor-element-edeaca6 elementor-widget elementor-widget-text-editor\" data-id=\"edeaca6\" data-element_type=\"widget\" data-widget_type=\"text-editor.default\">\n\t\t\t\t<div class=\"elementor-widget-container\">\n\t\t\t\t\t\t\t<p><strong>3) INFORMATION FOR THE HOTEL FACILITIES USE<\/strong><\/p><p>\u2013 The hot tub works on a shift system of 1 hour per room. Guests must sign in on a blackboard located to the side of the hot tub.<br \/>\u2013 The Hotel does not have indoor parking; Vehicles have space available in front of the hotel to safely park during the stay.<br \/>\u2013 The Hotel does not have a 24-hour reception or staff. For receptions, Check In instructions will be received in the confirmation email, and all payments can only be made by remote means (transfers and website). The hotel will have helplines at the reception that are answered 24 hours a day in case a guest needs assistance or in an emergency, answered by staff who can be at the hotel at times if necessary.<\/p>\t\t\t\t\t\t<\/div>\n\t\t\t\t<\/div>\n\t\t\t\t<div class=\"elementor-element elementor-element-5171dd8 elementor-widget elementor-widget-heading\" data-id=\"5171dd8\" data-element_type=\"widget\" data-widget_type=\"heading.default\">\n\t\t\t\t<div class=\"elementor-widget-container\">\n\t\t\t<h2 class=\"elementor-heading-title elementor-size-default\"> II. EMBALSE PUCLARO NAVIGATION RULES<\/h2>\t\t<\/div>\n\t\t\t\t<\/div>\n\t\t\t\t<div class=\"elementor-element elementor-element-6cfd1ec elementor-widget elementor-widget-text-editor\" data-id=\"6cfd1ec\" data-element_type=\"widget\" data-widget_type=\"text-editor.default\">\n\t\t\t\t<div class=\"elementor-widget-container\">\n\t\t\t\t\t\t\t<p>In order to protect the safety of all the sailors of the Embalse Puclaro, the user must be aware of the following rules:<\/p>\t\t\t\t\t\t<\/div>\n\t\t\t\t<\/div>\n\t\t\t\t<div class=\"elementor-element elementor-element-e5e541a elementor-widget elementor-widget-text-editor\" data-id=\"e5e541a\" data-element_type=\"widget\" data-widget_type=\"text-editor.default\">\n\t\t\t\t<div class=\"elementor-widget-container\">\n\t\t\t\t\t\t\t<p><strong>ALL WATER SPORTS<\/strong><\/p><p>\u2013 Mandatory use of flotation device (Life Jacket or anti-impact) and helmet.<br \/>\u2013 Sign the Responsibility Formulary and send it previously by mail to the Company\/School.<br \/>\u2013 In case of emergency, notify instructors with a prominent color shirt.<br \/>\u2013 It is not allowed to consume alcohol or drugs.<br \/>\u2013 Water entry zone: Parking is prohibited in the preparation zone, it is for the exclusive use of taking off and landing. Please do not leave equipment parked obstructing access to these armed areas.<\/p>\t\t\t\t\t\t<\/div>\n\t\t\t\t<\/div>\n\t\t\t\t<div class=\"elementor-element elementor-element-bdbde4a elementor-widget elementor-widget-text-editor\" data-id=\"bdbde4a\" data-element_type=\"widget\" data-widget_type=\"text-editor.default\">\n\t\t\t\t<div class=\"elementor-widget-container\">\n\t\t\t\t\t\t\t<p><strong>FOR KITESURFING:<\/strong><\/p><p>\u2013 Mandatory use of short lines.<br \/>\u2013 The use of table Leash is PROHIBITED.<br \/>\u2013 Every Kitesurfer must handle the Self Rescue maneuver.<br \/>\u2013 Take into account the SOS maneuver to report an emergency from a distance (stay at a safe distance from the emergency and move the kite continuously between 11 and 1)<br \/>\u2013 In case of getting entangled with another Kite, come into contact with the other rider, if it is necessary to eject they must do so simultaneously.<br \/>\u2013 Drifting Kites are not rescued.<\/p>\t\t\t\t\t\t<\/div>\n\t\t\t\t<\/div>\n\t\t\t\t<div class=\"elementor-element elementor-element-25c52ad elementor-widget elementor-widget-text-editor\" data-id=\"25c52ad\" data-element_type=\"widget\" data-widget_type=\"text-editor.default\">\n\t\t\t\t<div class=\"elementor-widget-container\">\n\t\t\t\t\t\t\t<p><strong>FOR WINDSURFING:<\/strong><\/p><p>\u2013 In the event of a windsurfer colliding with a kitesurfer, the latter must leave the equipment and swim away from the lines to windward to avoid getting entangled with the kite lines. If windsurfing equipment has become firmly entangled with them and cannot be detached without risk to the affected windsurfer and kiteboarder, assistance should be requested from the appropriate rescue boat, without compromising the safety of other riders.<br \/>\u2013 All windsurfers must handle the Self-Rescue maneuver to reach the nearest beach in case of not being seen to carry out an assisted rescue using the international help signal (hands raised above the head with repetitive movements from side to side) .<br \/>\u2013 You should try to navigate to the windward of the kitesurfing area to avoid collisions.<\/p>\t\t\t\t\t\t<\/div>\n\t\t\t\t<\/div>\n\t\t\t\t\t<\/div>\n\t\t\t\t<\/div>\n\t\t\t\t<\/div>\n\t\t\t\t\t<\/div>\n\t\t\t\t<\/div>\n\t\t<div class=\"elementor-element elementor-element-bb1d6a4 e-flex e-con-boxed e-con\" data-id=\"bb1d6a4\" data-element_type=\"container\" data-settings=\"{&quot;content_width&quot;:&quot;boxed&quot;}\">\n\t\t\t\t\t<div class=\"e-con-inner\">\n\t\t<div class=\"elementor-element elementor-element-22b291b e-con-full e-flex e-con\" data-id=\"22b291b\" data-element_type=\"container\" data-settings=\"{&quot;content_width&quot;:&quot;full&quot;}\">\n\t\t<div class=\"elementor-element elementor-element-0023fdc e-con-full e-flex e-con\" data-id=\"0023fdc\" data-element_type=\"container\" data-settings=\"{&quot;content_width&quot;:&quot;full&quot;}\">\n\t\t<div class=\"elementor-element elementor-element-fe9f818 e-con-full e-flex e-con\" data-id=\"fe9f818\" data-element_type=\"container\" data-settings=\"{&quot;content_width&quot;:&quot;full&quot;}\">\n\t\t\t\t<div class=\"elementor-element elementor-element-1944733 elementor-widget__width-auto elementor-widget elementor-widget-heading\" data-id=\"1944733\" data-element_type=\"widget\" data-widget_type=\"heading.default\">\n\t\t\t\t<div class=\"elementor-widget-container\">\n\t\t\t<h2 class=\"elementor-heading-title elementor-size-default\">Read and review before to your reservation<\/h2>\t\t<\/div>\n\t\t\t\t<\/div>\n\t\t\t\t<\/div>\n\t\t<div class=\"elementor-element elementor-element-5929037 e-con-full e-flex e-con\" data-id=\"5929037\" data-element_type=\"container\" data-settings=\"{&quot;content_width&quot;:&quot;full&quot;}\">\n\t\t\t\t<div class=\"elementor-element elementor-element-dda8124 elementor-widget elementor-widget-heading\" data-id=\"dda8124\" data-element_type=\"widget\" data-widget_type=\"heading.default\">\n\t\t\t\t<div class=\"elementor-widget-container\">\n\t\t\t<h3 class=\"elementor-heading-title elementor-size-default\">Money Return Policy<\/h3>\t\t<\/div>\n\t\t\t\t<\/div>\n\t\t\t\t<\/div>\n\t\t\t\t<\/div>\n\t\t<div class=\"elementor-element elementor-element-4322554 e-flex e-con-boxed e-con\" data-id=\"4322554\" data-element_type=\"container\" data-settings=\"{&quot;content_width&quot;:&quot;boxed&quot;}\">\n\t\t\t\t\t<div class=\"e-con-inner\">\n\t\t\t\t<div class=\"elementor-element elementor-element-62896a1 elementor-widget elementor-widget-text-editor\" data-id=\"62896a1\" data-element_type=\"widget\" data-widget_type=\"text-editor.default\">\n\t\t\t\t<div class=\"elementor-widget-container\">\n\t\t\t\t\t\t\t<p><strong>\u2013   Full Money Return<\/strong> If the guest cancels at least 2 weeks before the booked date (14 days or more counted back from the requested date of stay) and less than 90 days from the date the receipt was issued. After the 90 days mentioned, money is returned with taxes deducted (IVA: 19% of the amount).<\/p>\t\t\t\t\t\t<\/div>\n\t\t\t\t<\/div>\n\t\t\t\t<div class=\"elementor-element elementor-element-0ffee1b elementor-widget elementor-widget-text-editor\" data-id=\"0ffee1b\" data-element_type=\"widget\" data-widget_type=\"text-editor.default\">\n\t\t\t\t<div class=\"elementor-widget-container\">\n\t\t\t\t\t\t\t<p><strong>\u2013 Money Refund Less VAT (19%):<\/strong> Notice with 2 weeks in advance (14 days or more counted backwards from the requested stay date) and with more than 90 days counted from the date the reservation was confirmed.<\/p>\t\t\t\t\t\t<\/div>\n\t\t\t\t<\/div>\n\t\t\t\t<div class=\"elementor-element elementor-element-c42bae5 elementor-widget elementor-widget-text-editor\" data-id=\"c42bae5\" data-element_type=\"widget\" data-widget_type=\"text-editor.default\">\n\t\t\t\t<div class=\"elementor-widget-container\">\n\t\t\t\t\t\t\t<p><strong>\u2013 100% Credit:<\/strong> If the guest cancels in less than 2 weeks before the booked date (13 days or less counted back from the requested date of stay).<\/p>\t\t\t\t\t\t<\/div>\n\t\t\t\t<\/div>\n\t\t\t\t<div class=\"elementor-element elementor-element-4023766 elementor-widget elementor-widget-text-editor\" data-id=\"4023766\" data-element_type=\"widget\" data-widget_type=\"text-editor.default\">\n\t\t\t\t<div class=\"elementor-widget-container\">\n\t\t\t\t\t\t\t<p>Credited money can be used either in the Hotel to book another stay, or in products in Windsurfing Chile.<\/p>\t\t\t\t\t\t<\/div>\n\t\t\t\t<\/div>\n\t\t\t\t\t<\/div>\n\t\t\t\t<\/div>\n\t\t\t\t<\/div>\n\t\t\t\t\t<\/div>\n\t\t\t\t<\/div>\n\t\t\t\t\t\t\t<\/div>","protected":false},"excerpt":{"rendered":"<p>Inicio Leer y revisar previo a tu reserva Informaci\u00f3n para Hospedaje en Hotel Puclaro I. PROTOCOLO DE INGRESO AL HOTEL E INSTALACIONES 1) COORDINACI\u00d3N DE CHECK IN CON EL PERSONAL DEL HOTEL: Cada hu\u00e9sped debe necesariamente coordinar su llegada al tel\u00e9fono del hotel, +56947714970. El Check In comienza desde las 15:00 horas. El Check Out [&hellip;]<\/p>","protected":false},"author":1,"featured_media":0,"parent":0,"menu_order":0,"comment_status":"closed","ping_status":"closed","template":"elementor_header_footer","meta":{"footnotes":""},"class_list":["post-23","page","type-page","status-publish","hentry"],"_links":{"self":[{"href":"https:\/\/www.hotelpuclaro.cl\/en\/wp-json\/wp\/v2\/pages\/23","targetHints":{"allow":["GET"]}}],"collection":[{"href":"https:\/\/www.hotelpuclaro.cl\/en\/wp-json\/wp\/v2\/pages"}],"about":[{"href":"https:\/\/www.hotelpuclaro.cl\/en\/wp-json\/wp\/v2\/types\/page"}],"author":[{"embeddable":true,"href":"https:\/\/www.hotelpuclaro.cl\/en\/wp-json\/wp\/v2\/users\/1"}],"replies":[{"embeddable":true,"href":"https:\/\/www.hotelpuclaro.cl\/en\/wp-json\/wp\/v2\/comments?post=23"}],"version-history":[{"count":28,"href":"https:\/\/www.hotelpuclaro.cl\/en\/wp-json\/wp\/v2\/pages\/23\/revisions"}],"predecessor-version":[{"id":747,"href":"https:\/\/www.hotelpuclaro.cl\/en\/wp-json\/wp\/v2\/pages\/23\/revisions\/747"}],"wp:attachment":[{"href":"https:\/\/www.hotelpuclaro.cl\/en\/wp-json\/wp\/v2\/media?parent=23"}],"curies":[{"name":"wp","href":"https:\/\/api.w.org\/{rel}","templated":true}]}}